{"id":3282,"date":"2023-09-12T01:24:36","date_gmt":"2023-09-11T22:24:36","guid":{"rendered":"https:\/\/www.metronak.com.tr\/about-us\/vision-and-mission\/"},"modified":"2024-07-11T10:12:31","modified_gmt":"2024-07-11T07:12:31","slug":"vision-and-mission","status":"publish","type":"page","link":"https:\/\/www.metronak.com.tr\/en\/about-us\/vision-and-mission\/","title":{"rendered":"Vision and Mission"},"content":{"rendered":"\t\t<div data-elementor-type=\"wp-page\" data-elementor-id=\"3282\" class=\"elementor elementor-3282 elementor-2086\">\n\t\t\t\t\t\t<section class=\"elementor-section elementor-top-section elementor-element elementor-element-d2e76d4 elementor-section-stretched elementor-section-boxed elementor-section-height-default elementor-section-height-default\" data-id=\"d2e76d4\" data-element_type=\"section\" data-e-type=\"section\" data-settings=\"{&quot;stretch_section&quot;:&quot;section-stretched&quot;}\">\n\t\t\t\t\t\t<div class=\"elementor-container elementor-column-gap-no\">\n\t\t\t\t\t<div class=\"elementor-column elementor-col-100 elementor-top-column elementor-element elementor-element-4b8534a\" data-id=\"4b8534a\" data-element_type=\"column\" data-e-type=\"column\">\n\t\t\t<div class=\"elementor-widget-wrap elementor-element-populated\">\n\t\t\t\t\t\t<div class=\"elementor-element elementor-element-359a1e5 elementor-widget elementor-widget-image\" data-id=\"359a1e5\" data-element_type=\"widget\" data-e-type=\"widget\" data-widget_type=\"image.default\">\n\t\t\t\t<div class=\"elementor-widget-container\">\n\t\t\t\t\t\t\t\t\t\t\t\t\t\t\t<img fetchpriority=\"high\" decoding=\"async\" width=\"1300\" height=\"434\" src=\"https:\/\/www.metronak.com.tr\/wp-content\/uploads\/vizyon-misyon.webp\" class=\"attachment-full size-full wp-image-2879\" alt=\"\" srcset=\"https:\/\/www.metronak.com.tr\/wp-content\/uploads\/vizyon-misyon.webp 1300w, https:\/\/www.metronak.com.tr\/wp-content\/uploads\/vizyon-misyon-300x100.webp 300w, https:\/\/www.metronak.com.tr\/wp-content\/uploads\/vizyon-misyon-1024x342.webp 1024w, https:\/\/www.metronak.com.tr\/wp-content\/uploads\/vizyon-misyon-768x256.webp 768w\" sizes=\"(max-width: 1300px) 100vw, 1300px\" title=\"\">\t\t\t\t\t\t\t\t\t\t\t\t\t\t\t<\/div>\n\t\t\t\t<\/div>\n\t\t\t\t<div class=\"elementor-element elementor-element-373806d elementor-widget elementor-widget-heading\" data-id=\"373806d\" data-element_type=\"widget\" data-e-type=\"widget\" data-widget_type=\"heading.default\">\n\t\t\t\t<div class=\"elementor-widget-container\">\n\t\t\t\t\t<h2 class=\"elementor-heading-title elementor-size-default\">Vision<\/h2>\t\t\t\t<\/div>\n\t\t\t\t<\/div>\n\t\t\t\t<div class=\"elementor-element elementor-element-c5ed7ed elementor-widget elementor-widget-text-editor\" data-id=\"c5ed7ed\" data-element_type=\"widget\" data-e-type=\"widget\" data-widget_type=\"text-editor.default\">\n\t\t\t\t<div class=\"elementor-widget-container\">\n\t\t\t\t\t\t\t\t\t<p><b>Our vision:<\/b> To be a specialized company that is renowned for its leadership in the logistics sector throughout the country, its superior service quality understanding, its reputation and success, its differences that it creates, breaking out of the standard molds and having its own standards applied to the sector, and contributing to the business world and the country&#8217;s economy.<\/p>\n\t\t\t\t\t\t\t\t<\/div>\n\t\t\t\t<\/div>\n\t\t\t\t<div class=\"elementor-element elementor-element-bfd11f5 elementor-widget elementor-widget-heading\" data-id=\"bfd11f5\" data-element_type=\"widget\" data-e-type=\"widget\" data-widget_type=\"heading.default\">\n\t\t\t\t<div class=\"elementor-widget-container\">\n\t\t\t\t\t<h2 class=\"elementor-heading-title elementor-size-default\">Mission<\/h2>\t\t\t\t<\/div>\n\t\t\t\t<\/div>\n\t\t\t\t<div class=\"elementor-element elementor-element-bf42f0d elementor-widget elementor-widget-text-editor\" data-id=\"bf42f0d\" data-element_type=\"widget\" data-e-type=\"widget\" data-widget_type=\"text-editor.default\">\n\t\t\t\t<div class=\"elementor-widget-container\">\n\t\t\t\t\t\t\t\t\t<p><b>Our mission:<\/b> To establish the corporate infrastructure within the framework of our targeted vision, to achieve the goals by ensuring that all management units fulfill their duties and responsibilities simultaneously.<\/p>\n<p>Keeping customer satisfaction at the highest level, without forgetting that we are in a service sector, accelerating our work in this direction, acting with this awareness, and keeping our own motivation constantly high while continuing these activities.<\/p>\n<p>In order for our company to be a business that is beneficial to its country, nation and sector, and able to provide a good standard of living for its employees, every employee must know that their company is a school and that they are a student, and that they must constantly be equipped with new knowledge and teachings. They must work with this awareness and be able to call themselves &#8220;my company.&#8221;<\/p>\n\t\t\t\t\t\t\t\t<\/div>\n\t\t\t\t<\/div>\n\t\t\t\t<div class=\"elementor-element elementor-element-de84d5b elementor-widget elementor-widget-spacer\" data-id=\"de84d5b\" data-element_type=\"widget\" data-e-type=\"widget\" data-widget_type=\"spacer.default\">\n\t\t\t\t<div class=\"elementor-widget-container\">\n\t\t\t\t\t\t\t<div class=\"elementor-spacer\">\n\t\t\t<div class=\"elementor-spacer-inner\"><\/div>\n\t\t<\/div>\n\t\t\t\t\t\t<\/div>\n\t\t\t\t<\/div>\n\t\t\t\t\t<\/div>\n\t\t<\/div>\n\t\t\t\t\t<\/div>\n\t\t<\/section>\n\t\t\t\t<section class=\"elementor-section elementor-top-section elementor-element elementor-element-5fcd515 elementor-section-full_width elementor-section-stretched elementor-section-height-default elementor-section-height-default\" data-id=\"5fcd515\" data-element_type=\"section\" data-e-type=\"section\" data-settings=\"{&quot;stretch_section&quot;:&quot;section-stretched&quot;,&quot;background_background&quot;:&quot;classic&quot;}\">\n\t\t\t\t\t\t<div class=\"elementor-container elementor-column-gap-no\">\n\t\t\t\t\t<div class=\"elementor-column elementor-col-100 elementor-top-column elementor-element elementor-element-4888572\" data-id=\"4888572\" data-element_type=\"column\" data-e-type=\"column\">\n\t\t\t<div class=\"elementor-widget-wrap elementor-element-populated\">\n\t\t\t\t\t\t<div class=\"elementor-element elementor-element-1a31f01 elementor-widget elementor-widget-workprocess\" data-id=\"1a31f01\" data-element_type=\"widget\" data-e-type=\"widget\" data-widget_type=\"workprocess.default\">\n\t\t\t\t<div class=\"elementor-widget-container\">\n\t\t\t\t\t\t\t<!-- Start Work Porccess \r\n    ============================================= -->\r\n    <div class=\"work-process-area relative default-padding bottom-less bg-fixed\" style=\"background-image: url(https:\/\/www.metronak.com.tr\/wp-content\/themes\/dustra\/assets\/img\/bg.png);\" id=\"workprocess\">\r\n        <div class=\"container\">\r\n            <div class=\"row\">\r\n                <div class=\"col-lg-8 offset-lg-2\">\r\n                    <div class=\"site-heading text-center\">\r\n                        \t\t                        <h4>METRONAK<\/h4>\r\n\t\t                    \t\t                    \t\t                        <h2>Profesyonel \u00c7\u00f6z\u00fcmlerimiz<\/h2>\r\n\t\t                    \t\t\t\t\t\t\t\t\t                        <p>M\u00fc\u015fterilerimizin y\u00fck durumlar\u0131na g\u00f6re b\u00fct\u00fcn lojistik s\u00fcre\u00e7lerini takip eder y\u00fckleri memnuniyet garantisiyle yerine ula\u015ft\u0131r\u0131r\u0131z.<\/p>\r\n\t\t                                    <\/div>\r\n                <\/div>\r\n            <\/div>\r\n            <div class=\"work-pro-items\">\r\n                <div class=\"row\">\r\n                \t\t                    <div class=\"col-lg-4 col-md-6 single-item\">\r\n\t                        <div class=\"item\">\r\n\t                            <div class=\"item-inner\">\r\n\t                                                                       <i class=\"flaticon-process\"><\/i>\r\n                                                                                                                                                \t\t                                <h4>\r\n\t\t                                \tS\u00f6zle\u015fmeli Lojistik<span>01<\/span>\r\n\t\t                                <\/h4>\r\n\t                                \t                                \t                                    <p>\r\n\t                                    \t\u015eartlar\u0131 \u00f6nceden belirlenmi\u015f s\u00fcrpriz ya\u015fatmayan sorunsuz lojistik s\u00fcre\u00e7leri.\t                                    <\/p>\r\n\t                                \t                            <\/div>\r\n\t                        <\/div>\r\n\t                    <\/div>\r\n                    \t                    <div class=\"col-lg-4 col-md-6 single-item\">\r\n\t                        <div class=\"item\">\r\n\t                            <div class=\"item-inner\">\r\n\t                                                                       <i class=\"flaticon-location\"><\/i>\r\n                                                                                                                                                \t\t                                <h4>\r\n\t\t                                \t\u00c7oklu Hizmet Noktalar\u0131<span>02<\/span>\r\n\t\t                                <\/h4>\r\n\t                                \t                                \t                                    <p>\r\n\t                                    \tBirden \u00e7ok noktada \u015fube ve partnerlerimizle yerinde hizmet...\t                                    <\/p>\r\n\t                                \t                            <\/div>\r\n\t                        <\/div>\r\n\t                    <\/div>\r\n                    \t                    <div class=\"col-lg-4 col-md-6 single-item\">\r\n\t                        <div class=\"item\">\r\n\t                            <div class=\"item-inner\">\r\n\t                                                                       <i class=\"flaticon-route\"><\/i>\r\n                                                                                                                                                \t\t                                <h4>\r\n\t\t                                \tY\u00fck Takip Teknolojisi<span>03<\/span>\r\n\t\t                                <\/h4>\r\n\t                                \t                                \t                                    <p>\r\n\t                                    \tY\u00fcklerinizi takip teknolojimizle 7\/24 her an her yerden takip edebilirsiniz.\t                                    <\/p>\r\n\t                                \t                            <\/div>\r\n\t                        <\/div>\r\n\t                    <\/div>\r\n                                    <\/div>\r\n            <\/div>\r\n        <\/div>\r\n    <\/div>\r\n    <!-- End Work Porccess -->\r\n\t\t\t\t\t\t<\/div>\n\t\t\t\t<\/div>\n\t\t\t\t\t<\/div>\n\t\t<\/div>\n\t\t\t\t\t<\/div>\n\t\t<\/section>\n\t\t\t\t<section class=\"elementor-section elementor-top-section elementor-element elementor-element-5583fd4c elementor-section-full_width elementor-section-stretched elementor-section-height-default elementor-section-height-default\" data-id=\"5583fd4c\" data-element_type=\"section\" data-e-type=\"section\" data-settings=\"{&quot;stretch_section&quot;:&quot;section-stretched&quot;}\">\n\t\t\t\t\t\t<div class=\"elementor-container elementor-column-gap-no\">\n\t\t\t\t\t<div class=\"elementor-column elementor-col-100 elementor-top-column elementor-element elementor-element-62fe0aad\" data-id=\"62fe0aad\" data-element_type=\"column\" data-e-type=\"column\">\n\t\t\t<div class=\"elementor-widget-wrap elementor-element-populated\">\n\t\t\t\t\t\t<div class=\"elementor-element elementor-element-5cc62105 elementor-widget elementor-widget-clients\" data-id=\"5cc62105\" data-element_type=\"widget\" data-e-type=\"widget\" data-widget_type=\"clients.default\">\n\t\t\t\t<div class=\"elementor-widget-container\">\n\t\t\t\t\t\r\n\t<!-- Start Clients Area\r\n    ============================================= -->\r\n    <div class=\"clients-area default-padding bg-dark text-light\">\r\n    \t        <!-- Fixed Shape -->\r\n        <div class=\"fixed-shape\">\r\n            <img decoding=\"async\" src=\"https:\/\/www.metronak.com.tr\/wp-content\/uploads\/desen.webp\" alt=\"dustra\" title=\"\">\r\n        <\/div>\r\n    \t        <!-- End Fixed Shape -->\r\n        <div class=\"container\">\r\n            <div class=\"clients-item-box\">\r\n                <div class=\"row align-center\">\r\n                    <div class=\"col-lg-5 left-info\">\r\n                        <h2> CERTIFICATES\nMEMBERSHIPS<\/h2>\r\n                        <p>\r\n                            Metronak; \nIt has L2, TIO and G2 documents. It is also a member of MTSO, AK\u0130B, MDTO, FIATA, HIB and UND.                        <\/p>\r\n                    <\/div>\r\n                    <div class=\"col-lg-6 offset-lg-1 clients-box\">\r\n                        <div class=\"clients-items owl-carousel owl-theme text-center\">\r\n                            \t                            <div class=\"single-item\">\r\n\t                                <a href=\"https:\/\/www.metronak.com.tr\/wp-content\/uploads\/L2-2024-2.webp\"><img decoding=\"async\" src=\"https:\/\/www.metronak.com.tr\/wp-content\/uploads\/L2-2024-2.webp\" alt=\"dustra\" title=\"\"><\/a>\r\n\t                            <\/div>\r\n\t                        \t                            <div class=\"single-item\">\r\n\t                                <a href=\"https:\/\/www.metronak.com.tr\/wp-content\/uploads\/G2-2024-2.webp\"><img decoding=\"async\" src=\"https:\/\/www.metronak.com.tr\/wp-content\/uploads\/G2-2024-2.webp\" alt=\"dustra\" title=\"\"><\/a>\r\n\t                            <\/div>\r\n\t                        \t                            <div class=\"single-item\">\r\n\t                                <a href=\"https:\/\/www.metronak.com.tr\/wp-content\/uploads\/TiO-2024-2.webp\"><img decoding=\"async\" src=\"https:\/\/www.metronak.com.tr\/wp-content\/uploads\/TiO-2024-2.webp\" alt=\"dustra\" title=\"\"><\/a>\r\n\t                            <\/div>\r\n\t                        \t                            <div class=\"single-item\">\r\n\t                                <a href=\"https:\/\/www.metronak.com.tr\/wp-content\/uploads\/und-logo.webp\"><img decoding=\"async\" src=\"https:\/\/www.metronak.com.tr\/wp-content\/uploads\/und-logo.webp\" alt=\"dustra\" title=\"\"><\/a>\r\n\t                            <\/div>\r\n\t                        \t                            <div class=\"single-item\">\r\n\t                                <a href=\"https:\/\/www.metronak.com.tr\/wp-content\/uploads\/fiata-logo.webp\"><img decoding=\"async\" src=\"https:\/\/www.metronak.com.tr\/wp-content\/uploads\/fiata-logo.webp\" alt=\"dustra\" title=\"\"><\/a>\r\n\t                            <\/div>\r\n\t                        \t                            <div class=\"single-item\">\r\n\t                                <a href=\"https:\/\/www.metronak.com.tr\/wp-content\/uploads\/akib-logo.webp\"><img decoding=\"async\" src=\"https:\/\/www.metronak.com.tr\/wp-content\/uploads\/akib-logo.webp\" alt=\"dustra\" title=\"\"><\/a>\r\n\t                            <\/div>\r\n\t                        \t                            <div class=\"single-item\">\r\n\t                                <a href=\"https:\/\/www.metronak.com.tr\/wp-content\/uploads\/ulastirma-bakanligi-logo.webp\"><img decoding=\"async\" src=\"https:\/\/www.metronak.com.tr\/wp-content\/uploads\/ulastirma-bakanligi-logo.webp\" alt=\"dustra\" title=\"\"><\/a>\r\n\t                            <\/div>\r\n\t                        \t                            <div class=\"single-item\">\r\n\t                                <a href=\"https:\/\/www.metronak.com.tr\/wp-content\/uploads\/mtso-logo.webp\"><img decoding=\"async\" src=\"https:\/\/www.metronak.com.tr\/wp-content\/uploads\/mtso-logo.webp\" alt=\"dustra\" title=\"\"><\/a>\r\n\t                            <\/div>\r\n\t                        \t                            <div class=\"single-item\">\r\n\t                                <a href=\"https:\/\/www.metronak.com.tr\/wp-content\/uploads\/dto-logo.webp\"><img decoding=\"async\" src=\"https:\/\/www.metronak.com.tr\/wp-content\/uploads\/dto-logo.webp\" alt=\"dustra\" title=\"\"><\/a>\r\n\t                            <\/div>\r\n\t                        \t                            <div class=\"single-item\">\r\n\t                                <a href=\"https:\/\/www.metronak.com.tr\/wp-content\/uploads\/hib-logo.webp\"><img decoding=\"async\" src=\"https:\/\/www.metronak.com.tr\/wp-content\/uploads\/hib-logo.webp\" alt=\"dustra\" title=\"\"><\/a>\r\n\t                            <\/div>\r\n\t                          \r\n                        <\/div>\r\n                    <\/div>\r\n                <\/div>\r\n            <\/div>\r\n        <\/div>\r\n    <\/div>\r\n    <!-- End Clients Area -->\r\n    \t\t\t\t\t<\/div>\n\t\t\t\t<\/div>\n\t\t\t\t\t<\/div>\n\t\t<\/div>\n\t\t\t\t\t<\/div>\n\t\t<\/section>\n\t\t\t\t<\/div>\n\t\t","protected":false},"excerpt":{"rendered":"<p>Vision Our vision: To be a specialized company that is renowned for its leadership in the logistics sector throughout the country, its superior service quality understanding, its reputation and success, its differences that it creates, breaking out of the standard molds and having its own standards applied to the sector, and contributing to the business [&hellip;]<\/p>\n","protected":false},"author":1,"featured_media":0,"parent":3276,"menu_order":0,"comment_status":"closed","ping_status":"closed","template":"page-template\/dustra-template.php","meta":{"_acf_changed":false,"footnotes":""},"class_list":["post-3282","page","type-page","status-publish","hentry"],"acf":[],"_links":{"self":[{"href":"https:\/\/www.metronak.com.tr\/en\/wp-json\/wp\/v2\/pages\/3282","targetHints":{"allow":["GET"]}}],"collection":[{"href":"https:\/\/www.metronak.com.tr\/en\/wp-json\/wp\/v2\/pages"}],"about":[{"href":"https:\/\/www.metronak.com.tr\/en\/wp-json\/wp\/v2\/types\/page"}],"author":[{"embeddable":true,"href":"https:\/\/www.metronak.com.tr\/en\/wp-json\/wp\/v2\/users\/1"}],"replies":[{"embeddable":true,"href":"https:\/\/www.metronak.com.tr\/en\/wp-json\/wp\/v2\/comments?post=3282"}],"version-history":[{"count":0,"href":"https:\/\/www.metronak.com.tr\/en\/wp-json\/wp\/v2\/pages\/3282\/revisions"}],"up":[{"embeddable":true,"href":"https:\/\/www.metronak.com.tr\/en\/wp-json\/wp\/v2\/pages\/3276"}],"wp:attachment":[{"href":"https:\/\/www.metronak.com.tr\/en\/wp-json\/wp\/v2\/media?parent=3282"}],"curies":[{"name":"wp","href":"https:\/\/api.w.org\/{rel}","templated":true}]}}